{"id":1388,"date":"2017-01-18T02:18:47","date_gmt":"2017-01-18T02:18:47","guid":{"rendered":"http:\/\/7uptheme.com\/wordpress\/kuteshop\/?page_id=1388"},"modified":"2021-02-01T12:30:21","modified_gmt":"2021-02-01T12:30:21","slug":"hakkimizda","status":"publish","type":"page","link":"https:\/\/www.fidedefide.com\/index.php\/hakkimizda\/","title":{"rendered":"Hakk\u0131m\u0131zda"},"content":{"rendered":"<p>[vc_row el_class=&#8221;section-wrap&#8221; css=&#8221;.vc_custom_1487037857841{margin-top: 20px !important;}&#8221;][vc_column][vc_single_image image=&#8221;1904&#8243; img_size=&#8221;full&#8221; alignment=&#8221;center&#8221; onclick=&#8221;custom_link&#8221; link=&#8221;#&#8221; css=&#8221;.vc_custom_1487037348746{margin-bottom: 0px !important;}&#8221; el_class=&#8221;image-about-full&#8221;][\/vc_column][\/vc_row][vc_row el_class=&#8221;protect-video&#8221;][vc_column width=&#8221;1\/2&#8243;][vc_column_text]<\/p>\n<h2>Hakk\u0131m\u0131zda<\/h2>\n<p>Firmam\u0131z 2017 y\u0131l\u0131nda kurulmu\u015f olup,aktif \u015fekilde faaliyetlerini s\u00fcrd\u00fcrmektedir.<\/p>\n<p>12 y\u0131ll\u0131k sahadaki engin tecr\u00fcbelerimizi,g\u00fc\u00e7l\u00fc ortaklar\u0131m\u0131zla birle\u015ftirip,\u00fcreticimize en kaliteli \u00fcr\u00fcn\u00fc sunman\u0131n gayreti i\u00e7ersindeyiz,bu gayretimiz 2003 y\u0131l\u0131nda zihinsel olarak haz\u0131rlanm\u0131\u015f ve bu \u015fekilde ilerlemektedir.<\/p>\n<p>\u00dcreticilerimizin bizim i\u00e7in ve \u00fclkemizin gelece\u011fi i\u00e7in \u00e7ok de\u011ferli olduklar\u0131 bilincine sahip olmaktan mutluluk duyar\u0131z.<\/p>\n<p>Her t\u00fcrl\u00fc teknik sorunlar\u0131n\u0131zda bizimle ileti\u015fime ge\u00e7ebilirsiniz.<\/p>\n<p>Bu ama\u00e7la en iyisini sunmaktan hi\u00e7 taviz vermeyece\u011fimizi her muhattab\u0131m\u0131za ifade etmekten onur duyar\u0131z.[\/vc_column_text][vc_column_text el_class=&#8221;about-full-protec&#8221; css=&#8221;.vc_custom_1602345170632{margin-bottom: 0px !important;}&#8221;]<\/p>\n<h2 class=\"title-default\">Konseptimiz<\/h2>\n<p>&nbsp;<\/p>\n<p>&nbsp;<\/p>\n<ul>\n<li><span class=\"span-text\">1<\/span>\n<p class=\"list-text\">Sekt\u00f6rde \u00f6nc\u00fc ve Daima yenilik\u00e7i<\/p>\n<\/li>\n<li><span class=\"span-text\">2<\/span>\n<p class=\"list-text\">Tavsiye edilmeye de\u011fer hizmet vermek<\/p>\n<\/li>\n<\/ul>\n<p>[\/vc_column_text][\/vc_column][vc_column width=&#8221;1\/2&#8243;][vc_empty_space height=&#8221;40px&#8221;][vc_single_image image=&#8221;3137&#8243; img_size=&#8221;full&#8221; alignment=&#8221;center&#8221; onclick=&#8221;custom_link&#8221; link=&#8221;#&#8221; css=&#8221;.vc_custom_1602345193289{margin-bottom: 0px !important;}&#8221;][\/vc_column][\/vc_row][vc_row el_class=&#8221;about-review&#8221; css=&#8221;.vc_custom_1487037734363{padding-bottom: 30px !important;}&#8221;][vc_column][vc_column_text]<\/p>\n<h2 class=\"title-default\">M\u00fc\u015fterilerimizden Yorumlar<\/h2>\n<p>[\/vc_column_text][vc_row_inner][vc_column_inner width=&#8221;1\/2&#8243;]<div class=\"item-about-review\">\r\n                        <div class=\"about-review-thumb\">\r\n                            <a href=\"\"><img width=\"150\" height=\"150\" src=\"https:\/\/www.fidedefide.com\/wp-content\/uploads\/2020\/09\/fidedefide_sosyal-594x594-1-150x150.png\" class=\"attachment-thumbnail size-thumbnail\" alt=\"\" decoding=\"async\" loading=\"lazy\" srcset=\"https:\/\/www.fidedefide.com\/wp-content\/uploads\/2020\/09\/fidedefide_sosyal-594x594-1-150x150.png 150w, https:\/\/www.fidedefide.com\/wp-content\/uploads\/2020\/09\/fidedefide_sosyal-594x594-1-300x300.png 300w, https:\/\/www.fidedefide.com\/wp-content\/uploads\/2020\/09\/fidedefide_sosyal-594x594-1-50x50.png 50w, https:\/\/www.fidedefide.com\/wp-content\/uploads\/2020\/09\/fidedefide_sosyal-594x594-1-100x100.png 100w, https:\/\/www.fidedefide.com\/wp-content\/uploads\/2020\/09\/fidedefide_sosyal-594x594-1-60x60.png 60w, https:\/\/www.fidedefide.com\/wp-content\/uploads\/2020\/09\/fidedefide_sosyal-594x594-1.png 594w\" sizes=\"(max-width: 150px) 100vw, 150px\" \/><\/a>\r\n                        <\/div>\r\n                        <div class=\"about-info\">\r\n                            <h3><a href=\"\">Samet Kara<\/a><\/h3>\r\n                            <p><span class=\"section-review-text\">Harika ilgilenildi bizimle. \u00c7ok iyi bilgi sahibi olduklar\u0131n\u0131 hissettik. Bizimle ilgilenen Temsilci her \u015feyi biliyordu ve t\u00fcm sorular\u0131m\u0131z\u0131 cevaplayabildi \ud83d\ude42<\/span><\/p>\n\r\n                        <\/div>\r\n                    <\/div><div class=\"item-about-review\">\r\n                        <div class=\"about-review-thumb\">\r\n                            <a href=\"\"><img width=\"150\" height=\"150\" src=\"https:\/\/www.fidedefide.com\/wp-content\/uploads\/2020\/09\/fidedefide_sosyal-594x594-1-150x150.png\" class=\"attachment-thumbnail size-thumbnail\" alt=\"\" decoding=\"async\" loading=\"lazy\" srcset=\"https:\/\/www.fidedefide.com\/wp-content\/uploads\/2020\/09\/fidedefide_sosyal-594x594-1-150x150.png 150w, https:\/\/www.fidedefide.com\/wp-content\/uploads\/2020\/09\/fidedefide_sosyal-594x594-1-300x300.png 300w, https:\/\/www.fidedefide.com\/wp-content\/uploads\/2020\/09\/fidedefide_sosyal-594x594-1-50x50.png 50w, https:\/\/www.fidedefide.com\/wp-content\/uploads\/2020\/09\/fidedefide_sosyal-594x594-1-100x100.png 100w, https:\/\/www.fidedefide.com\/wp-content\/uploads\/2020\/09\/fidedefide_sosyal-594x594-1-60x60.png 60w, https:\/\/www.fidedefide.com\/wp-content\/uploads\/2020\/09\/fidedefide_sosyal-594x594-1.png 594w\" sizes=\"(max-width: 150px) 100vw, 150px\" \/><\/a>\r\n                        <\/div>\r\n                        <div class=\"about-info\">\r\n                            <h3><a href=\"\">Ferhat<\/a><\/h3>\r\n                            <p><span class=\"section-review-text\">Gen\u00e7, ancak son derece yetkin ve motive olmu\u015f bir pazarlamac\u0131dan s\u00fcper dostane tavsiyeler. Bizim i\u00e7in de \u00e7ok zaman alan kons\u00fcltasyondan sonra Domates ve Biber fidelerimizi oradan sat\u0131n ald\u0131k ve kesinlikle pi\u015fman de\u011filiz!<\/span><\/p>\n\r\n                        <\/div>\r\n                    <\/div>[\/vc_column_inner][vc_column_inner width=&#8221;1\/2&#8243;]<div class=\"item-about-review\">\r\n                        <div class=\"about-review-thumb\">\r\n                            <a href=\"\"><img width=\"150\" height=\"150\" src=\"https:\/\/www.fidedefide.com\/wp-content\/uploads\/2020\/09\/fidedefide_sosyal-594x594-1-150x150.png\" class=\"attachment-thumbnail size-thumbnail\" alt=\"\" decoding=\"async\" loading=\"lazy\" srcset=\"https:\/\/www.fidedefide.com\/wp-content\/uploads\/2020\/09\/fidedefide_sosyal-594x594-1-150x150.png 150w, https:\/\/www.fidedefide.com\/wp-content\/uploads\/2020\/09\/fidedefide_sosyal-594x594-1-300x300.png 300w, https:\/\/www.fidedefide.com\/wp-content\/uploads\/2020\/09\/fidedefide_sosyal-594x594-1-50x50.png 50w, https:\/\/www.fidedefide.com\/wp-content\/uploads\/2020\/09\/fidedefide_sosyal-594x594-1-100x100.png 100w, https:\/\/www.fidedefide.com\/wp-content\/uploads\/2020\/09\/fidedefide_sosyal-594x594-1-60x60.png 60w, https:\/\/www.fidedefide.com\/wp-content\/uploads\/2020\/09\/fidedefide_sosyal-594x594-1.png 594w\" sizes=\"(max-width: 150px) 100vw, 150px\" \/><\/a>\r\n                        <\/div>\r\n                        <div class=\"about-info\">\r\n                            <h3><a href=\"\">Melike \u00d6zmen<\/a><\/h3>\r\n                            <p><span class=\"section-review-text\">Ger\u00e7ekten \u00e7ok ilgili davrand\u0131lar herkeze tavsiye ederim! Tamamen Profesyonel ve Arkada\u015f canl\u0131s\u0131yd\u0131.<\/span><\/p>\n\r\n                        <\/div>\r\n                    <\/div><div class=\"item-about-review\">\r\n                        <div class=\"about-review-thumb\">\r\n                            <a href=\"\"><img width=\"150\" height=\"150\" src=\"https:\/\/www.fidedefide.com\/wp-content\/uploads\/2020\/09\/fidedefide_sosyal-594x594-1-150x150.png\" class=\"attachment-thumbnail size-thumbnail\" alt=\"\" decoding=\"async\" loading=\"lazy\" srcset=\"https:\/\/www.fidedefide.com\/wp-content\/uploads\/2020\/09\/fidedefide_sosyal-594x594-1-150x150.png 150w, https:\/\/www.fidedefide.com\/wp-content\/uploads\/2020\/09\/fidedefide_sosyal-594x594-1-300x300.png 300w, https:\/\/www.fidedefide.com\/wp-content\/uploads\/2020\/09\/fidedefide_sosyal-594x594-1-50x50.png 50w, https:\/\/www.fidedefide.com\/wp-content\/uploads\/2020\/09\/fidedefide_sosyal-594x594-1-100x100.png 100w, https:\/\/www.fidedefide.com\/wp-content\/uploads\/2020\/09\/fidedefide_sosyal-594x594-1-60x60.png 60w, https:\/\/www.fidedefide.com\/wp-content\/uploads\/2020\/09\/fidedefide_sosyal-594x594-1.png 594w\" sizes=\"(max-width: 150px) 100vw, 150px\" \/><\/a>\r\n                        <\/div>\r\n                        <div class=\"about-info\">\r\n                            <h3><a href=\"\">Sinem Ada<\/a><\/h3>\r\n                            <p><span class=\"section-review-text\">Kapsaml\u0131, m\u00fckemmel anlat\u0131m, arkada\u015f canl\u0131s\u0131, yetkin, d\u00fcr\u00fcst, g\u00fcvenebilece\u011finiz fidecimi ar\u0131yorsunuz? Do\u011fru adrestesiniz?<\/span><\/p>\n\r\n                        <\/div>\r\n                    <\/div>[\/vc_column_inner][\/vc_row_inner][\/vc_column][\/vc_row][vc_row full_width=&#8221;stretch_row&#8221; css=&#8221;.vc_custom_1612182619506{border-top-width: 1px !important;border-top-color: #008000 !important;border-top-style: solid !important;}&#8221;][vc_column][\/vc_column][\/vc_row]<\/p>\n","protected":false},"excerpt":{"rendered":"<p>[vc_row el_class=&#8221;section-wrap&#8221; css=&#8221;.vc_custom_1487037857841{margin-top: 20px !important;}&#8221;][vc_column][vc_single_image image=&#8221;1904&#8243; img_size=&#8221;full&#8221; alignment=&#8221;center&#8221; onclick=&#8221;custom_link&#8221; link=&#8221;#&#8221; css=&#8221;.vc_custom_1487037348746{margin-bottom: 0px !important;}&#8221; el_class=&#8221;image-about-full&#8221;][\/vc_column][\/vc_row][vc_row el_class=&#8221;protect-video&#8221;][vc_column width=&#8221;1\/2&#8243;][vc_column_text] Hakk\u0131m\u0131zda Firmam\u0131z 2017 y\u0131l\u0131nda kurulmu\u015f olup,aktif \u015fekilde faaliyetlerini s\u00fcrd\u00fcrmektedir. 12 y\u0131ll\u0131k sahadaki engin tecr\u00fcbelerimizi,g\u00fc\u00e7l\u00fc ortaklar\u0131m\u0131zla birle\u015ftirip,\u00fcreticimize en kaliteli \u00fcr\u00fcn\u00fc sunman\u0131n gayreti i\u00e7ersindeyiz,bu gayretimiz 2003 y\u0131l\u0131nda zihinsel olarak haz\u0131rlanm\u0131\u015f ve bu \u015fekilde ilerlemektedir. \u00dcreticilerimizin bizim i\u00e7in ve \u00fclkemizin gelece\u011fi i\u00e7in&hellip;<\/p>\n","protected":false},"author":3,"featured_media":0,"parent":0,"menu_order":0,"comment_status":"closed","ping_status":"closed","template":"visual-temlpate.php","meta":[],"_links":{"self":[{"href":"https:\/\/www.fidedefide.com\/index.php\/wp-json\/wp\/v2\/pages\/1388"}],"collection":[{"href":"https:\/\/www.fidedefide.com\/index.php\/wp-json\/wp\/v2\/pages"}],"about":[{"href":"https:\/\/www.fidedefide.com\/index.php\/wp-json\/wp\/v2\/types\/page"}],"author":[{"embeddable":true,"href":"https:\/\/www.fidedefide.com\/index.php\/wp-json\/wp\/v2\/users\/3"}],"replies":[{"embeddable":true,"href":"https:\/\/www.fidedefide.com\/index.php\/wp-json\/wp\/v2\/comments?post=1388"}],"version-history":[{"count":23,"href":"https:\/\/www.fidedefide.com\/index.php\/wp-json\/wp\/v2\/pages\/1388\/revisions"}],"predecessor-version":[{"id":3443,"href":"https:\/\/www.fidedefide.com\/index.php\/wp-json\/wp\/v2\/pages\/1388\/revisions\/3443"}],"wp:attachment":[{"href":"https:\/\/www.fidedefide.com\/index.php\/wp-json\/wp\/v2\/media?parent=1388"}],"curies":[{"name":"wp","href":"https:\/\/api.w.org\/{rel}","templated":true}]}}