{"id":2672,"date":"2020-09-27T14:52:21","date_gmt":"2020-09-27T14:52:21","guid":{"rendered":"https:\/\/www.zwergenshop-wien.at\/?page_id=2672"},"modified":"2021-02-01T12:28:07","modified_gmt":"2021-02-01T12:28:07","slug":"tarim-muhendisligi","status":"publish","type":"page","link":"https:\/\/www.fidedefide.com\/index.php\/tarim-muhendisligi\/","title":{"rendered":"Tar\u0131m M\u00fchendisli\u011fi"},"content":{"rendered":"<p>[vc_row full_width=&#8221;stretch_row&#8221; css=&#8221;.vc_custom_1612182425283{border-top-width: 1px !important;background-color: #e2e2e2 !important;border-top-style: solid !important;}&#8221;][vc_column width=&#8221;1\/2&#8243;][vc_single_image image=&#8221;3201&#8243; img_size=&#8221;full&#8221; alignment=&#8221;center&#8221; onclick=&#8221;custom_link&#8221; link=&#8221;#&#8221; css=&#8221;.vc_custom_1602351024078{margin-bottom: 0px !important;}&#8221; el_class=&#8221;image-about-full&#8221;][\/vc_column][vc_column width=&#8221;1\/2&#8243; css=&#8221;.vc_custom_1601219387632{background-color: #e2e2e2 !important;}&#8221;][vc_column_text css=&#8221;.vc_custom_1612182484893{background-color: #e2e2e2 !important;}&#8221;]<\/p>\n<h2><\/h2>\n<p>&nbsp;<\/p>\n<h1><\/h1>\n<h1><\/h1>\n<h1 style=\"text-align: center;\"><span style=\"color: #008000;\"><strong>Tar\u0131m Uzman\u0131n\u0131z<\/strong><\/span><\/h1>\n<p>&nbsp;<\/p>\n<p>&nbsp;<\/p>\n<h4 style=\"text-align: center;\">Biz bir \u00e7evrimi\u00e7i ma\u011fazadan daha fazlas\u0131y\u0131z: Tar\u0131m s\u00f6z konusu oldu\u011funda, \u00e7evrimi\u00e7i ve \u00e7evrimd\u0131\u015f\u0131 uzman ma\u011fazan\u0131z biziz!<\/h4>\n<p>&nbsp;<\/p>\n<p style=\"text-align: center;\"><strong>Size detayl\u0131 ve ki\u015fisel olarak tavsiyelerde bulunuyoruz.<\/strong><\/p>\n<p>&nbsp;<\/p>\n<p style=\"text-align: center;\"><strong>Piyasadaki t\u00fcm fideleri biliyoruz. <\/strong><\/p>\n<p>&nbsp;<\/p>\n<p style=\"text-align: center;\"><strong>Ancak sadece kesinlikle g\u00fcvenli oldu\u011funu d\u00fc\u015f\u00fcnd\u00fc\u011f\u00fcm\u00fcz modeller se\u00e7imimize girer &#8211; bize g\u00fcvenebilirsiniz!<\/strong><\/p>\n<p>[\/vc_column_text][\/vc_column][\/vc_row][vc_row el_class=&#8221;protect-video&#8221;][vc_column width=&#8221;7\/12&#8243;][vc_column_text]<\/p>\n<h2>Tavsiyelerimiz<\/h2>\n<p>&nbsp;<\/p>\n<p>&nbsp;<\/p>\n<ul>\n<li>Fidelerinizi Fide Satmaya Yetkili Fide Sat\u0131\u015f Belgesi olan Bayilerden Al\u0131n\u0131z.<\/li>\n<\/ul>\n<p>&nbsp;<\/p>\n<ul>\n<li>\u00a0Fidenizi Al\u0131rken K\u00f6klerini Kontrol Ediniz. Taze Beyaz Sa\u00e7akl\u0131 K\u00f6kl\u00fc Fideleri Almay\u0131 Tercih Edin. Fide Bekledik\u00e7e K\u00f6kleri Sarar\u0131r Buda \u0130stenen Durum \u00a0De\u011fildir.<\/li>\n<\/ul>\n<p>&nbsp;<\/p>\n<ul>\n<li>\u00a0Fidenin Fiziksel G\u00f6r\u00fcn\u00fc\u015f\u00fcne Dikat Edin. Ekim B\u00f6lgenize G\u00f6re Uygun Boyuttaki Fideleri Tercih Ediniz.<\/li>\n<\/ul>\n<p>&nbsp;<\/p>\n<ul>\n<li>\u00a0Fideleri Teslim Al\u0131rken \u0130\u015f\u00e7ilik Yap\u0131lm\u0131\u015f m\u0131 \u0130\u00e7inde Bo\u015f Var m\u0131 Yok mu Kontrol Edilmelidir.<\/li>\n<\/ul>\n<p>[\/vc_column_text][\/vc_column][vc_column width=&#8221;5\/12&#8243;][vc_column_text]<\/p>\n<h2 class=\"title-default\">M\u00fc\u015fterilerimizden<\/h2>\n<p>[\/vc_column_text]<div class=\"item-about-review\">\r\n                        <div class=\"about-review-thumb\">\r\n                            <a href=\"\"><img width=\"150\" height=\"150\" src=\"https:\/\/www.fidedefide.com\/wp-content\/uploads\/2020\/09\/fidedefide_sosyal-594x594-1-150x150.png\" class=\"attachment-thumbnail size-thumbnail\" alt=\"\" decoding=\"async\" loading=\"lazy\" srcset=\"https:\/\/www.fidedefide.com\/wp-content\/uploads\/2020\/09\/fidedefide_sosyal-594x594-1-150x150.png 150w, https:\/\/www.fidedefide.com\/wp-content\/uploads\/2020\/09\/fidedefide_sosyal-594x594-1-300x300.png 300w, https:\/\/www.fidedefide.com\/wp-content\/uploads\/2020\/09\/fidedefide_sosyal-594x594-1-50x50.png 50w, https:\/\/www.fidedefide.com\/wp-content\/uploads\/2020\/09\/fidedefide_sosyal-594x594-1-100x100.png 100w, https:\/\/www.fidedefide.com\/wp-content\/uploads\/2020\/09\/fidedefide_sosyal-594x594-1-60x60.png 60w, https:\/\/www.fidedefide.com\/wp-content\/uploads\/2020\/09\/fidedefide_sosyal-594x594-1.png 594w\" sizes=\"(max-width: 150px) 100vw, 150px\" \/><\/a>\r\n                        <\/div>\r\n                        <div class=\"about-info\">\r\n                            <h3><a href=\"\">Emrah Yurtseven<\/a><\/h3>\r\n                            <p><span class=\"section-review-text\">Hobi olarak ba\u015flad\u0131\u011f\u0131m bu yolda bana bir sat\u0131\u015f temsilcili\u011finden \u00e7ok g\u00f6revli beyefendi Tar\u0131m M\u00fchendisli\u011finde okumu\u015f ve \u00e7ok uzun senelerce edindi\u011fi t\u00fcm tecr\u00fcbesiyle yard\u0131mc\u0131 oldu.<\/span><\/p>\n\r\n                        <\/div>\r\n                    <\/div><div class=\"item-about-review\">\r\n                        <div class=\"about-review-thumb\">\r\n                            <a href=\"\"><img width=\"150\" height=\"150\" src=\"https:\/\/www.fidedefide.com\/wp-content\/uploads\/2020\/09\/fidedefide_sosyal-594x594-1-150x150.png\" class=\"attachment-thumbnail size-thumbnail\" alt=\"\" decoding=\"async\" loading=\"lazy\" srcset=\"https:\/\/www.fidedefide.com\/wp-content\/uploads\/2020\/09\/fidedefide_sosyal-594x594-1-150x150.png 150w, https:\/\/www.fidedefide.com\/wp-content\/uploads\/2020\/09\/fidedefide_sosyal-594x594-1-300x300.png 300w, https:\/\/www.fidedefide.com\/wp-content\/uploads\/2020\/09\/fidedefide_sosyal-594x594-1-50x50.png 50w, https:\/\/www.fidedefide.com\/wp-content\/uploads\/2020\/09\/fidedefide_sosyal-594x594-1-100x100.png 100w, https:\/\/www.fidedefide.com\/wp-content\/uploads\/2020\/09\/fidedefide_sosyal-594x594-1-60x60.png 60w, https:\/\/www.fidedefide.com\/wp-content\/uploads\/2020\/09\/fidedefide_sosyal-594x594-1.png 594w\" sizes=\"(max-width: 150px) 100vw, 150px\" \/><\/a>\r\n                        <\/div>\r\n                        <div class=\"about-info\">\r\n                            <h3><a href=\"\">Semra Karatay<\/a><\/h3>\r\n                            <p><span class=\"section-review-text\">Bazen ger\u00e7ekten i\u015fi ehline b\u0131rakmak laz\u0131m. Do\u011fru bildi\u011fimiz bir\u00e7ok yanl\u0131\u015ftan bizi kurtaran Tar\u0131m M\u00fchendisleri arkada\u015flar yetkili bu \u015eirkette. Ger\u00e7ekten tar\u0131mc\u0131l\u0131kta kaybetmek istemiyorsan\u0131z kesinlikle tavsiye ederim.<\/span><\/p>\n\r\n                        <\/div>\r\n                    <\/div>[\/vc_column][\/vc_row]<\/p>\n","protected":false},"excerpt":{"rendered":"<p>[vc_row full_width=&#8221;stretch_row&#8221; css=&#8221;.vc_custom_1612182425283{border-top-width: 1px !important;background-color: #e2e2e2 !important;border-top-style: solid !important;}&#8221;][vc_column width=&#8221;1\/2&#8243;][vc_single_image image=&#8221;3201&#8243; img_size=&#8221;full&#8221; alignment=&#8221;center&#8221; onclick=&#8221;custom_link&#8221; link=&#8221;#&#8221; css=&#8221;.vc_custom_1602351024078{margin-bottom: 0px !important;}&#8221; el_class=&#8221;image-about-full&#8221;][\/vc_column][vc_column width=&#8221;1\/2&#8243; css=&#8221;.vc_custom_1601219387632{background-color: #e2e2e2 !important;}&#8221;][vc_column_text css=&#8221;.vc_custom_1612182484893{background-color: #e2e2e2 !important;}&#8221;] &nbsp; Tar\u0131m Uzman\u0131n\u0131z &nbsp; &nbsp; Biz bir \u00e7evrimi\u00e7i ma\u011fazadan daha fazlas\u0131y\u0131z: Tar\u0131m s\u00f6z konusu oldu\u011funda, \u00e7evrimi\u00e7i ve \u00e7evrimd\u0131\u015f\u0131 uzman ma\u011fazan\u0131z biziz! &nbsp; Size detayl\u0131 ve ki\u015fisel olarak tavsiyelerde bulunuyoruz.&hellip;<\/p>\n","protected":false},"author":3,"featured_media":0,"parent":0,"menu_order":0,"comment_status":"closed","ping_status":"closed","template":"visual-temlpate.php","meta":[],"_links":{"self":[{"href":"https:\/\/www.fidedefide.com\/index.php\/wp-json\/wp\/v2\/pages\/2672"}],"collection":[{"href":"https:\/\/www.fidedefide.com\/index.php\/wp-json\/wp\/v2\/pages"}],"about":[{"href":"https:\/\/www.fidedefide.com\/index.php\/wp-json\/wp\/v2\/types\/page"}],"author":[{"embeddable":true,"href":"https:\/\/www.fidedefide.com\/index.php\/wp-json\/wp\/v2\/users\/3"}],"replies":[{"embeddable":true,"href":"https:\/\/www.fidedefide.com\/index.php\/wp-json\/wp\/v2\/comments?post=2672"}],"version-history":[{"count":35,"href":"https:\/\/www.fidedefide.com\/index.php\/wp-json\/wp\/v2\/pages\/2672\/revisions"}],"predecessor-version":[{"id":3441,"href":"https:\/\/www.fidedefide.com\/index.php\/wp-json\/wp\/v2\/pages\/2672\/revisions\/3441"}],"wp:attachment":[{"href":"https:\/\/www.fidedefide.com\/index.php\/wp-json\/wp\/v2\/media?parent=2672"}],"curies":[{"name":"wp","href":"https:\/\/api.w.org\/{rel}","templated":true}]}}