{"id":2698,"date":"2020-09-27T15:38:48","date_gmt":"2020-09-27T15:38:48","guid":{"rendered":"https:\/\/www.zwergenshop-wien.at\/?page_id=2698"},"modified":"2021-05-22T19:23:40","modified_gmt":"2021-05-22T19:23:40","slug":"yasal-kunye","status":"publish","type":"page","link":"https:\/\/www.fidedefide.com\/index.php\/yasal-kunye\/","title":{"rendered":"Yasal K\u00fcnye"},"content":{"rendered":"<p>[vc_row full_width=&#8221;stretch_row&#8221; css=&#8221;.vc_custom_1612182561026{border-top-width: 1px !important;background-color: #e2e2e2 !important;border-top-style: solid !important;}&#8221;][vc_column][vc_column_text css=&#8221;.vc_custom_1621711417895{background-color: #e2e2e2 !important;}&#8221;]<\/p>\n<h2><\/h2>\n<p>&nbsp;<\/p>\n<h1><\/h1>\n<h1><\/h1>\n<h1 style=\"text-align: left;\"><span style=\"color: #008000;\"><strong>Yasal K\u00fcnye<\/strong><\/span><\/h1>\n<p>&nbsp;<\/p>\n<p><strong>KUZEYTAR TOHUMCULUK SAN.VE TIC.LTD.\u015eTI Marka isim Fidedefide.com<\/strong><\/p>\n<p>\u0130smet Pa\u015fa Mahallesi Piri Reis Caddesi No:114<br \/>\n\u00c7anakkale \/ T\u00fcrkiye<\/p>\n<p>Telefon : +90 (0) 541 482 82 21<br \/>\nE-Mail : info@fidedefide.com<br \/>\nWeb: www.fidedefide.com<\/p>\n<p>&nbsp;<\/p>\n<p>Genel M\u00fcd\u00fcr, web sitesinin kendi i\u00e7eri\u011finden sorumludur.<br \/>\nYetkili mahkeme Ticaret Mahkemesi \u00c7anakkale.<\/p>\n<p>Kay\u0131t: \u00c7anakkale Ticaret odas\u0131<br \/>\nSicil No: 8784<br \/>\nVergi Numaras\u0131: 6010812709<\/p>\n<p><strong>Banka Bilgisi:<\/strong><br \/>\nAl\u0131c\u0131: KUZEYTAR TOHUMCULUK SAN.VE TIC.LTD.\u015eTI<br \/>\n<strong>BANKA: Ziraat Bankas\u0131<\/strong><br \/>\n\u015eube: \u00c7anakkale \u015eubesi<br \/>\nHesap Numaras\u0131: 72-88399064-5001<br \/>\nIBAN: TR 3300 0100 0072 8839 9064 5001<\/p>\n<p>&#8212;&#8212;&#8212;&#8212;&#8212;&#8212;-<\/p>\n<p>Al\u0131c\u0131: KUZEYTAR TOHUMCULUK SAN.VE TIC.LTD.\u015eTI<br \/>\n<strong>BANKA: Garanti Bankas\u0131<\/strong><br \/>\n\u015eube: \u00c7anakkale \u015eubesi<br \/>\nIBAN: TR52 0006 2000 4550 0006 2929 07<\/p>\n<p>&nbsp;<\/p>\n<p><strong>Sorumluluk bildirimi:<\/strong><\/p>\n<p>Dikkatli i\u00e7erik kontrol\u00fcne ra\u011fmen, harici ba\u011flant\u0131lar\u0131n ve foto\u011fraflar\u0131n i\u00e7eri\u011fi i\u00e7in hi\u00e7bir sorumluluk kabul etmiyoruz. Ba\u011flant\u0131l\u0131 sayfalar\u0131n ve yay\u0131nlanan foto\u011fraflar\u0131n operat\u00f6rleri, i\u00e7eriklerinden yaln\u0131zca sorumludur. T\u00fcm alt alan adlar\u0131 da dahil olmak \u00fczere www.fidedefide.com alan ad\u0131, \u0130nternet \u00fczerindeki di\u011fer sayfalara ba\u011flant\u0131larla birlikte gelir. Bu durumlarda a\u015fa\u011f\u0131dakiler ge\u00e7erlidir: KUZEYTAR TOHUMCULUK SAN.VE TIC.LTD.\u015eTI Marka isim Fidedefide.com , www.fidedefide.com i\u015fletmecisi olarak, ba\u011flant\u0131l\u0131 ve i\u00e7e aktar\u0131lan sayfalar\u0131n ve foto\u011fraflar\u0131n tasar\u0131m\u0131 ve i\u00e7eri\u011fi \u00fczerinde hi\u00e7bir etkisi olmad\u0131\u011f\u0131n\u0131 a\u00e7\u0131k\u00e7a beyan eder. Bu nedenle, www.fidedefide.com KUZEYTAR TOHUMCULUK SAN.VE TIC.LTD.\u015eTI Marka isim Fidedefide.com , web sitesinde yay\u0131nlanan t\u00fcm ba\u011flant\u0131l\u0131 sayfalar\u0131n ve foto\u011fraflar\u0131n t\u00fcm i\u00e7eriklerinden a\u00e7\u0131k\u00e7a uzak durmakta ve bu i\u00e7eri\u011fi kendi i\u00e7erikleri olarak benimsememektedir. Bu beyan, ba\u011flant\u0131lar\u0131n \u00e7\u0131kt\u0131\u011f\u0131 t\u00fcm sayfalar i\u00e7in ge\u00e7erlidir.[\/vc_column_text][\/vc_column][\/vc_row]<\/p>\n","protected":false},"excerpt":{"rendered":"<p>[vc_row full_width=&#8221;stretch_row&#8221; css=&#8221;.vc_custom_1612182561026{border-top-width: 1px !important;background-color: #e2e2e2 !important;border-top-style: solid !important;}&#8221;][vc_column][vc_column_text css=&#8221;.vc_custom_1621711417895{background-color: #e2e2e2 !important;}&#8221;] &nbsp; Yasal K\u00fcnye &nbsp; KUZEYTAR TOHUMCULUK SAN.VE TIC.LTD.\u015eTI Marka isim Fidedefide.com \u0130smet Pa\u015fa Mahallesi Piri Reis Caddesi No:114 \u00c7anakkale \/ T\u00fcrkiye Telefon : +90 (0) 541 482 82 21 E-Mail : info@fidedefide.com Web: www.fidedefide.com &nbsp; Genel M\u00fcd\u00fcr, web sitesinin kendi i\u00e7eri\u011finden sorumludur. Yetkili&hellip;<\/p>\n","protected":false},"author":3,"featured_media":0,"parent":0,"menu_order":0,"comment_status":"closed","ping_status":"closed","template":"visual-temlpate.php","meta":[],"_links":{"self":[{"href":"https:\/\/www.fidedefide.com\/index.php\/wp-json\/wp\/v2\/pages\/2698"}],"collection":[{"href":"https:\/\/www.fidedefide.com\/index.php\/wp-json\/wp\/v2\/pages"}],"about":[{"href":"https:\/\/www.fidedefide.com\/index.php\/wp-json\/wp\/v2\/types\/page"}],"author":[{"embeddable":true,"href":"https:\/\/www.fidedefide.com\/index.php\/wp-json\/wp\/v2\/users\/3"}],"replies":[{"embeddable":true,"href":"https:\/\/www.fidedefide.com\/index.php\/wp-json\/wp\/v2\/comments?post=2698"}],"version-history":[{"count":12,"href":"https:\/\/www.fidedefide.com\/index.php\/wp-json\/wp\/v2\/pages\/2698\/revisions"}],"predecessor-version":[{"id":3503,"href":"https:\/\/www.fidedefide.com\/index.php\/wp-json\/wp\/v2\/pages\/2698\/revisions\/3503"}],"wp:attachment":[{"href":"https:\/\/www.fidedefide.com\/index.php\/wp-json\/wp\/v2\/media?parent=2698"}],"curies":[{"name":"wp","href":"https:\/\/api.w.org\/{rel}","templated":true}]}}