{"id":2703,"date":"2020-09-27T15:57:38","date_gmt":"2020-09-27T15:57:38","guid":{"rendered":"https:\/\/www.zwergenshop-wien.at\/?page_id=2703"},"modified":"2021-02-01T12:16:12","modified_gmt":"2021-02-01T12:16:12","slug":"kargo-kosullari","status":"publish","type":"page","link":"https:\/\/www.fidedefide.com\/index.php\/kargo-kosullari\/","title":{"rendered":"Kargo ko\u015fullar\u0131"},"content":{"rendered":"<p>[vc_row full_width=&#8221;stretch_row&#8221; css=&#8221;.vc_custom_1612181761723{border-top-width: 1px !important;background-color: #e2e2e2 !important;border-top-style: solid !important;}&#8221;][vc_column][vc_empty_space][vc_column_text css=&#8221;.vc_custom_1612181742521{background-color: #e2e2e2 !important;}&#8221;]<\/p>\n<p><span style=\"color: #684700;\"><strong>Kargo \/ G\u00f6nderim ko\u015fullar\u0131<\/strong><\/span><\/p>\n<p>Sipari\u015fleriniz, \u00f6demesi tamamland\u0131ktan sonra en ge\u00e7 3 i\u015f g\u00fcn\u00fc i\u00e7inde kargoya verilecektir.<\/p>\n<p>Grev, lokavt, tabii afetler, ayaklanma, halk hareketleri, n\u00fckleer risk ve tehlike, sava\u015f, istila, ihtilal, i\u00e7 sava\u015f, sabotaj ve yang\u0131n halleri gibi ola\u011fan\u00fcst\u00fc durumlarda ve al\u0131c\u0131dan kaynaklanan (adreste bulunmama, teslim alacak yetkilinin olmamas\u0131, al\u0131c\u0131n\u0131n adresten ta\u015f\u0131nm\u0131\u015f olmas\u0131, vb.) durumlarda teslimat s\u00fcresi ve ko\u015fullar\u0131 de\u011fi\u015fkenlik g\u00f6sterebilir.<\/p>\n<p>Sipari\u015finizi resimli bir kimlik ibraz ederek, imza kar\u015f\u0131l\u0131\u011f\u0131 kargo g\u00f6revlisinden teslim alabilirsiniz.<\/p>\n<p>Sipari\u015finiz teslim edildi\u011finde, kargo yetkilisi e\u015fli\u011finde paketinizi a\u00e7mal\u0131 ve \u00fcr\u00fcn\u00fc kontrol etmelisiniz. \u00d6zellikle ezilmi\u015f, y\u0131rt\u0131lm\u0131\u015f, a\u00e7\u0131lm\u0131\u015f veya \u0131slanm\u0131\u015f paketlerde bunu yapman\u0131z \u00e7ok \u00f6nemlidir. Beklenmedik bir durumda, sorunlu \u00fcr\u00fcnle kar\u015f\u0131la\u015f\u0131rsan\u0131z paketi teslim almay\u0131p kargo yetkilisine tutanak tutturarak kargo \u015firketi taraf\u0131ndan taraf\u0131m\u0131za iade edilmesini sa\u011flaman\u0131z gerekmektedir.<br \/>\nTeslimat an\u0131nda belirtti\u011finiz adreste siz yoksan\u0131z, sipari\u015finiz teslimat adresinde bulunan ki\u015fiye, resimli kimli\u011fi kontrol edilip imzas\u0131 al\u0131nd\u0131ktan sonra teslim edilmektedir.<\/p>\n<p>Teslimat an\u0131nda adreste kimse bulunmazsa, kargo \u015firketi g\u00f6revlisi size kargo \u015firketinin telefon numaras\u0131n\u0131 i\u00e7eren bir haber notu b\u0131rakacakt\u0131r. Haber notu b\u0131rak\u0131lan adrese tekrar u\u011franmaz, bu durumda kargoyu \u015fubeden m\u00fc\u015fteri almal\u0131d\u0131r. Sipari\u015f verdikten sonra teslim alacak ki\u015fi de\u011fi\u015ftirilememektedir.<\/p>\n<p>Teslimat adresi olarak &#8220;internet cafe&#8221;, &#8220;herhangi bir kahvehane&#8221;, &#8220;kargo \u015firketlerinin \u015fube adresleri&#8221; veya &#8220;herhangi bir umuma a\u00e7\u0131k alan&#8221; belirtilmi\u015f ise sipari\u015f iptal edilecek ve bu adreslere teslimat yap\u0131lmayacakt\u0131r.[\/vc_column_text][\/vc_column][\/vc_row]<\/p>\n","protected":false},"excerpt":{"rendered":"<p>[vc_row full_width=&#8221;stretch_row&#8221; css=&#8221;.vc_custom_1612181761723{border-top-width: 1px !important;background-color: #e2e2e2 !important;border-top-style: solid !important;}&#8221;][vc_column][vc_empty_space][vc_column_text css=&#8221;.vc_custom_1612181742521{background-color: #e2e2e2 !important;}&#8221;] Kargo \/ G\u00f6nderim ko\u015fullar\u0131 Sipari\u015fleriniz, \u00f6demesi tamamland\u0131ktan sonra en ge\u00e7 3 i\u015f g\u00fcn\u00fc i\u00e7inde kargoya verilecektir. Grev, lokavt, tabii afetler, ayaklanma, halk hareketleri, n\u00fckleer risk ve tehlike, sava\u015f, istila, ihtilal, i\u00e7 sava\u015f, sabotaj ve yang\u0131n halleri gibi ola\u011fan\u00fcst\u00fc durumlarda ve al\u0131c\u0131dan kaynaklanan (adreste&hellip;<\/p>\n","protected":false},"author":3,"featured_media":0,"parent":0,"menu_order":0,"comment_status":"closed","ping_status":"closed","template":"visual-temlpate.php","meta":[],"_links":{"self":[{"href":"https:\/\/www.fidedefide.com\/index.php\/wp-json\/wp\/v2\/pages\/2703"}],"collection":[{"href":"https:\/\/www.fidedefide.com\/index.php\/wp-json\/wp\/v2\/pages"}],"about":[{"href":"https:\/\/www.fidedefide.com\/index.php\/wp-json\/wp\/v2\/types\/page"}],"author":[{"embeddable":true,"href":"https:\/\/www.fidedefide.com\/index.php\/wp-json\/wp\/v2\/users\/3"}],"replies":[{"embeddable":true,"href":"https:\/\/www.fidedefide.com\/index.php\/wp-json\/wp\/v2\/comments?post=2703"}],"version-history":[{"count":13,"href":"https:\/\/www.fidedefide.com\/index.php\/wp-json\/wp\/v2\/pages\/2703\/revisions"}],"predecessor-version":[{"id":3432,"href":"https:\/\/www.fidedefide.com\/index.php\/wp-json\/wp\/v2\/pages\/2703\/revisions\/3432"}],"wp:attachment":[{"href":"https:\/\/www.fidedefide.com\/index.php\/wp-json\/wp\/v2\/media?parent=2703"}],"curies":[{"name":"wp","href":"https:\/\/api.w.org\/{rel}","templated":true}]}}