{"id":3640,"date":"2023-01-31T17:47:53","date_gmt":"2023-01-31T17:47:53","guid":{"rendered":"https:\/\/www.fidedefide.com\/?post_type=product&#038;p=3640"},"modified":"2026-02-12T12:41:35","modified_gmt":"2026-02-12T12:41:35","slug":"patlican-fidesi-171li-koli-2","status":"publish","type":"product","link":"https:\/\/www.fidedefide.com\/index.php\/product\/patlican-fidesi-171li-koli-2\/","title":{"rendered":"PATLICAN F\u0130DES\u0130  280&#8217;L\u0130 KOL\u0130"},"content":{"rendered":"<p>Bitki yap\u0131s\u0131 orta g\u00fc\u00e7l\u00fc olup, k\u0131\u015f\u0131n so\u011fuktan etkilenmedi\u011finden bahar \u00e7\u0131k\u0131\u015f\u0131 h\u0131zl\u0131d\u0131r.<\/p>\n<p>Meyve rengi koyu ve parlak olup, kalitesi iyidir.<br \/>\nMeyve sap\u0131 dikensizdir. K\u0131\u015f\u0131n meyve rengini a\u00e7maz.<br \/>\nMeyveleri 24-27 cm. uzunlu\u011funda olup, silindiriktir.<\/p>\n<p>\u00d6rt\u00fc alt\u0131, tek sezon yeti\u015ftiricili\u011fine tavsiye edilmektedir.<\/p>\n<p><strong>Raf \u00f6mr\u00fc uzun, meyve eti sert ve a\u011f\u0131rd\u0131r. <\/strong><\/p>\n","protected":false},"excerpt":{"rendered":"<p><span class=\"label label-lg label-primary\"><b>Viol \u015eekli:<\/b><\/span><\/p>\n","protected":false},"featured_media":3119,"comment_status":"open","ping_status":"closed","template":"","meta":[],"product_cat":[191,151],"product_tag":[213,185,214,184],"_links":{"self":[{"href":"https:\/\/www.fidedefide.com\/index.php\/wp-json\/wp\/v2\/product\/3640"}],"collection":[{"href":"https:\/\/www.fidedefide.com\/index.php\/wp-json\/wp\/v2\/product"}],"about":[{"href":"https:\/\/www.fidedefide.com\/index.php\/wp-json\/wp\/v2\/types\/product"}],"replies":[{"embeddable":true,"href":"https:\/\/www.fidedefide.com\/index.php\/wp-json\/wp\/v2\/comments?post=3640"}],"wp:featuredmedia":[{"embeddable":true,"href":"https:\/\/www.fidedefide.com\/index.php\/wp-json\/wp\/v2\/media\/3119"}],"wp:attachment":[{"href":"https:\/\/www.fidedefide.com\/index.php\/wp-json\/wp\/v2\/media?parent=3640"}],"wp:term":[{"taxonomy":"product_cat","embeddable":true,"href":"https:\/\/www.fidedefide.com\/index.php\/wp-json\/wp\/v2\/product_cat?post=3640"},{"taxonomy":"product_tag","embeddable":true,"href":"https:\/\/www.fidedefide.com\/index.php\/wp-json\/wp\/v2\/product_tag?post=3640"}],"curies":[{"name":"wp","href":"https:\/\/api.w.org\/{rel}","templated":true}]}}