{"id":3644,"date":"2023-01-31T17:51:43","date_gmt":"2023-01-31T17:51:43","guid":{"rendered":"https:\/\/www.fidedefide.com\/?post_type=product&#038;p=3644"},"modified":"2026-02-12T12:40:42","modified_gmt":"2026-02-12T12:40:42","slug":"yaglik-biber-fidesi-171li-koli","status":"publish","type":"product","link":"https:\/\/www.fidedefide.com\/index.php\/product\/yaglik-biber-fidesi-171li-koli\/","title":{"rendered":"KAPYA B\u0130BER F\u0130DES\u0130  280&#8217;L\u0130 KOL\u0130"},"content":{"rendered":"<p>Meyveler bas\u0131k, yass\u0131 konik \u015fekillidir.<\/p>\n<p>Olgunla\u015ft\u0131\u011f\u0131nda koyu k\u0131rm\u0131z\u0131 renkli ve tatl\u0131d\u0131r.<\/p>\n<p>Sal\u00e7al\u0131k, k\u00f6zlemelik, kurutmal\u0131k ve taze t\u00fcketimde kullan\u0131l\u0131r.<\/p>\n","protected":false},"excerpt":{"rendered":"<p>Meyveler bas\u0131k, yass\u0131 konik \u015fekillidir. Olgunla\u015ft\u0131\u011f\u0131nda koyu k\u0131rm\u0131z\u0131 renkli ve tatl\u0131d\u0131r. Sal\u00e7al\u0131k, k\u00f6zlemelik, kurutmal\u0131k ve taze t\u00fcketimde kullan\u0131l\u0131r.<\/p>\n","protected":false},"featured_media":3392,"comment_status":"open","ping_status":"closed","template":"","meta":[],"product_cat":[154],"product_tag":[194,193,202,201,204,203],"_links":{"self":[{"href":"https:\/\/www.fidedefide.com\/index.php\/wp-json\/wp\/v2\/product\/3644"}],"collection":[{"href":"https:\/\/www.fidedefide.com\/index.php\/wp-json\/wp\/v2\/product"}],"about":[{"href":"https:\/\/www.fidedefide.com\/index.php\/wp-json\/wp\/v2\/types\/product"}],"replies":[{"embeddable":true,"href":"https:\/\/www.fidedefide.com\/index.php\/wp-json\/wp\/v2\/comments?post=3644"}],"wp:featuredmedia":[{"embeddable":true,"href":"https:\/\/www.fidedefide.com\/index.php\/wp-json\/wp\/v2\/media\/3392"}],"wp:attachment":[{"href":"https:\/\/www.fidedefide.com\/index.php\/wp-json\/wp\/v2\/media?parent=3644"}],"wp:term":[{"taxonomy":"product_cat","embeddable":true,"href":"https:\/\/www.fidedefide.com\/index.php\/wp-json\/wp\/v2\/product_cat?post=3644"},{"taxonomy":"product_tag","embeddable":true,"href":"https:\/\/www.fidedefide.com\/index.php\/wp-json\/wp\/v2\/product_tag?post=3644"}],"curies":[{"name":"wp","href":"https:\/\/api.w.org\/{rel}","templated":true}]}}