{"id":3645,"date":"2023-01-31T17:53:10","date_gmt":"2023-01-31T17:53:10","guid":{"rendered":"https:\/\/www.fidedefide.com\/?post_type=product&#038;p=3645"},"modified":"2026-02-12T12:40:27","modified_gmt":"2026-02-12T12:40:27","slug":"dolma-biber-fidesi-171li-koli","status":"publish","type":"product","link":"https:\/\/www.fidedefide.com\/index.php\/product\/dolma-biber-fidesi-171li-koli\/","title":{"rendered":"DOLMA B\u0130BER F\u0130DES\u0130  280&#8217;L\u0130 KOL\u0130"},"content":{"rendered":"","protected":false},"excerpt":{"rendered":"<p>Kuvvetli bitki yap\u0131s\u0131na sahip, meyve tutumu kolay ve oran\u0131 olduk\u00e7a y\u00fcksektir.<\/p>\n<p>A\u00e7\u0131k ye\u015fil meyvelere sahiptir.<\/p>\n<p>Adaptasyonu y\u00fcksektir.<\/p>\n<p>&nbsp;<\/p>\n","protected":false},"featured_media":3394,"comment_status":"open","ping_status":"closed","template":"","meta":[],"product_cat":[154,191],"product_tag":[194,193,200,199],"_links":{"self":[{"href":"https:\/\/www.fidedefide.com\/index.php\/wp-json\/wp\/v2\/product\/3645"}],"collection":[{"href":"https:\/\/www.fidedefide.com\/index.php\/wp-json\/wp\/v2\/product"}],"about":[{"href":"https:\/\/www.fidedefide.com\/index.php\/wp-json\/wp\/v2\/types\/product"}],"replies":[{"embeddable":true,"href":"https:\/\/www.fidedefide.com\/index.php\/wp-json\/wp\/v2\/comments?post=3645"}],"wp:featuredmedia":[{"embeddable":true,"href":"https:\/\/www.fidedefide.com\/index.php\/wp-json\/wp\/v2\/media\/3394"}],"wp:attachment":[{"href":"https:\/\/www.fidedefide.com\/index.php\/wp-json\/wp\/v2\/media?parent=3645"}],"wp:term":[{"taxonomy":"product_cat","embeddable":true,"href":"https:\/\/www.fidedefide.com\/index.php\/wp-json\/wp\/v2\/product_cat?post=3645"},{"taxonomy":"product_tag","embeddable":true,"href":"https:\/\/www.fidedefide.com\/index.php\/wp-json\/wp\/v2\/product_tag?post=3645"}],"curies":[{"name":"wp","href":"https:\/\/api.w.org\/{rel}","templated":true}]}}