{"id":3646,"date":"2023-01-31T17:54:22","date_gmt":"2023-01-31T17:54:22","guid":{"rendered":"https:\/\/www.fidedefide.com\/?post_type=product&#038;p=3646"},"modified":"2026-02-12T12:40:17","modified_gmt":"2026-02-12T12:40:17","slug":"carliston-biber-fidesi-171li-koli","status":"publish","type":"product","link":"https:\/\/www.fidedefide.com\/index.php\/product\/carliston-biber-fidesi-171li-koli\/","title":{"rendered":"\u00c7ARL\u0130STON B\u0130BER F\u0130DES\u0130  280&#8217;L\u0130 KOL\u0130"},"content":{"rendered":"<p>Meyveleri sar\u0131ms\u0131 a\u00e7\u0131k ye\u015fil renkte,orta kal\u0131nl\u0131kta,konik ve ucu sivri \u015fekilli,gevrek,tatl\u0131 bir \u00e7e\u015fittir.<\/p>\n<p>60-65 g\u00fcnde hasat edilmeye ba\u015flan\u0131r.<\/p>\n<p>Stres ko\u015fullar\u0131 dahil m\u00fckemmel meyve tutar.<\/p>\n","protected":false},"excerpt":{"rendered":"<p>Meyveleri sar\u0131ms\u0131 a\u00e7\u0131k ye\u015fil renkte,orta kal\u0131nl\u0131kta,konik ve ucu sivri \u015fekilli,gevrek,tatl\u0131 bir \u00e7e\u015fittir. 60-65 g\u00fcnde hasat edilmeye ba\u015flan\u0131r. Stres ko\u015fullar\u0131 dahil m\u00fckemmel meyve tutar.<\/p>\n","protected":false},"featured_media":3398,"comment_status":"open","ping_status":"closed","template":"","meta":[],"product_cat":[154],"product_tag":[194,193,192,195,215,216],"_links":{"self":[{"href":"https:\/\/www.fidedefide.com\/index.php\/wp-json\/wp\/v2\/product\/3646"}],"collection":[{"href":"https:\/\/www.fidedefide.com\/index.php\/wp-json\/wp\/v2\/product"}],"about":[{"href":"https:\/\/www.fidedefide.com\/index.php\/wp-json\/wp\/v2\/types\/product"}],"replies":[{"embeddable":true,"href":"https:\/\/www.fidedefide.com\/index.php\/wp-json\/wp\/v2\/comments?post=3646"}],"wp:featuredmedia":[{"embeddable":true,"href":"https:\/\/www.fidedefide.com\/index.php\/wp-json\/wp\/v2\/media\/3398"}],"wp:attachment":[{"href":"https:\/\/www.fidedefide.com\/index.php\/wp-json\/wp\/v2\/media?parent=3646"}],"wp:term":[{"taxonomy":"product_cat","embeddable":true,"href":"https:\/\/www.fidedefide.com\/index.php\/wp-json\/wp\/v2\/product_cat?post=3646"},{"taxonomy":"product_tag","embeddable":true,"href":"https:\/\/www.fidedefide.com\/index.php\/wp-json\/wp\/v2\/product_tag?post=3646"}],"curies":[{"name":"wp","href":"https:\/\/api.w.org\/{rel}","templated":true}]}}