{"id":3647,"date":"2023-01-31T17:55:27","date_gmt":"2023-01-31T17:55:27","guid":{"rendered":"https:\/\/www.fidedefide.com\/?post_type=product&#038;p=3647"},"modified":"2026-02-12T12:40:03","modified_gmt":"2026-02-12T12:40:03","slug":"kil-tatli-biber-fidesi-171li-koli","status":"publish","type":"product","link":"https:\/\/www.fidedefide.com\/index.php\/product\/kil-tatli-biber-fidesi-171li-koli\/","title":{"rendered":"KIL TATLI B\u0130BER F\u0130DES\u0130  280&#8217;L\u0130 KOL\u0130"},"content":{"rendered":"<p>\u00c7ok g\u00fc\u00e7l\u00fc bitki yap\u0131s\u0131 ve g\u00fc\u00e7l\u00fc k\u00f6k yap\u0131s\u0131 vard\u0131r.<\/p>\n<p>Uzun \u00f6m\u00fcrl\u00fc bir bitki olup,hasat aral\u0131\u011f\u0131 k\u0131sad\u0131r.<\/p>\n<p>Meyve ba\u011flama oran\u0131 ve yan dal meyve tutumu y\u00fcksektir.<\/p>\n<p>&nbsp;<\/p>\n","protected":false},"excerpt":{"rendered":"<p>\u00c7ok g\u00fc\u00e7l\u00fc bitki yap\u0131s\u0131 ve g\u00fc\u00e7l\u00fc k\u00f6k yap\u0131s\u0131 vard\u0131r. Uzun \u00f6m\u00fcrl\u00fc bir bitki olup,hasat aral\u0131\u011f\u0131 k\u0131sad\u0131r. Meyve ba\u011flama oran\u0131 ve yan dal meyve tutumu y\u00fcksektir. &nbsp;<\/p>\n","protected":false},"featured_media":3396,"comment_status":"open","ping_status":"closed","template":"","meta":[],"product_cat":[154,191],"product_tag":[194,193,197,196,198],"_links":{"self":[{"href":"https:\/\/www.fidedefide.com\/index.php\/wp-json\/wp\/v2\/product\/3647"}],"collection":[{"href":"https:\/\/www.fidedefide.com\/index.php\/wp-json\/wp\/v2\/product"}],"about":[{"href":"https:\/\/www.fidedefide.com\/index.php\/wp-json\/wp\/v2\/types\/product"}],"replies":[{"embeddable":true,"href":"https:\/\/www.fidedefide.com\/index.php\/wp-json\/wp\/v2\/comments?post=3647"}],"wp:featuredmedia":[{"embeddable":true,"href":"https:\/\/www.fidedefide.com\/index.php\/wp-json\/wp\/v2\/media\/3396"}],"wp:attachment":[{"href":"https:\/\/www.fidedefide.com\/index.php\/wp-json\/wp\/v2\/media?parent=3647"}],"wp:term":[{"taxonomy":"product_cat","embeddable":true,"href":"https:\/\/www.fidedefide.com\/index.php\/wp-json\/wp\/v2\/product_cat?post=3647"},{"taxonomy":"product_tag","embeddable":true,"href":"https:\/\/www.fidedefide.com\/index.php\/wp-json\/wp\/v2\/product_tag?post=3647"}],"curies":[{"name":"wp","href":"https:\/\/api.w.org\/{rel}","templated":true}]}}