{"id":3649,"date":"2023-01-31T17:57:35","date_gmt":"2023-01-31T17:57:35","guid":{"rendered":"https:\/\/www.fidedefide.com\/?post_type=product&#038;p=3649"},"modified":"2026-02-12T12:38:21","modified_gmt":"2026-02-12T12:38:21","slug":"oturak-domates-fidesi-280li-koli","status":"publish","type":"product","link":"https:\/\/www.fidedefide.com\/index.php\/product\/oturak-domates-fidesi-280li-koli\/","title":{"rendered":"OTURAK DOMATES F\u0130DES\u0130 280&#8217;L\u0130 KOL\u0130"},"content":{"rendered":"<div class=\"content--description\">\n<div><\/div>\n<div>Her \u015fartta meyve renk ve kalitesi y\u00fcksek, olduk\u00e7a verimli bir \u00e7e\u015fittir.<\/div>\n<div>Y\u00fcksek adaptasyon kabiliyetine sahiptir.<\/div>\n<div>Erkencidir (ilk hasat + hasat aras\u0131).<\/div>\n<\/div>\n<div><\/div>\n<div><\/div>\n<div class=\"content--description\">\n<div>G\u00fc\u00e7l\u00fc bitki \/ \u00fcretim d\u00f6nemini uzatabilme \u00f6zelli\u011fine sahiptir.<\/div>\n<div>Ye\u015fil omuz yapmaz<\/div>\n<div><\/div>\n<div><strong>Uzun raf \u00f6mr\u00fcne sahiptir.<\/strong><\/div>\n<\/div>\n<p>&nbsp;<\/p>\n<p>&nbsp;<\/p>\n","protected":false},"excerpt":{"rendered":"<div class=\"content--description\">\n<div>Her \u015fartta meyve renk ve kalitesi y\u00fcksek, olduk\u00e7a verimli bir \u00e7e\u015fittir.<\/div>\n<div>Y\u00fcksek adaptasyon kabiliyetine sahiptir.<\/div>\n<div>Erkencidir (ilk hasat + hasat aras\u0131).<\/div>\n<\/div>\n<div><\/div>\n<div><\/div>\n<div class=\"content--description\">\n<div>G\u00fc\u00e7l\u00fc bitki \/ \u00fcretim d\u00f6nemini uzatabilme \u00f6zelli\u011fine sahiptir.<\/div>\n<div>Ye\u015fil omuz yapmaz<\/div>\n<div><\/div>\n<div><strong>Uzun raf \u00f6mr\u00fcne sahiptir.<\/strong><\/div>\n<\/div>\n<p>&nbsp;<\/p>\n","protected":false},"featured_media":3291,"comment_status":"open","ping_status":"closed","template":"","meta":[],"product_cat":[157,191],"product_tag":[174,175,173],"_links":{"self":[{"href":"https:\/\/www.fidedefide.com\/index.php\/wp-json\/wp\/v2\/product\/3649"}],"collection":[{"href":"https:\/\/www.fidedefide.com\/index.php\/wp-json\/wp\/v2\/product"}],"about":[{"href":"https:\/\/www.fidedefide.com\/index.php\/wp-json\/wp\/v2\/types\/product"}],"replies":[{"embeddable":true,"href":"https:\/\/www.fidedefide.com\/index.php\/wp-json\/wp\/v2\/comments?post=3649"}],"wp:featuredmedia":[{"embeddable":true,"href":"https:\/\/www.fidedefide.com\/index.php\/wp-json\/wp\/v2\/media\/3291"}],"wp:attachment":[{"href":"https:\/\/www.fidedefide.com\/index.php\/wp-json\/wp\/v2\/media?parent=3649"}],"wp:term":[{"taxonomy":"product_cat","embeddable":true,"href":"https:\/\/www.fidedefide.com\/index.php\/wp-json\/wp\/v2\/product_cat?post=3649"},{"taxonomy":"product_tag","embeddable":true,"href":"https:\/\/www.fidedefide.com\/index.php\/wp-json\/wp\/v2\/product_tag?post=3649"}],"curies":[{"name":"wp","href":"https:\/\/api.w.org\/{rel}","templated":true}]}}